{"id":248,"date":"2024-04-24T14:12:54","date_gmt":"2024-04-24T12:12:54","guid":{"rendered":"https:\/\/www.olivierofrancesco.com\/?page_id=248"},"modified":"2025-08-20T12:19:27","modified_gmt":"2025-08-20T10:19:27","slug":"sigle-televisive","status":"publish","type":"page","link":"https:\/\/www.olivierofrancesco.com\/?page_id=248","title":{"rendered":"Sigle &#038; Sonorizzazioni"},"content":{"rendered":"\n<div class=\"gb-element-483de715\" id=\"projects\">\n<p><strong>In questa pagina sono pubblicate alcune produzioni &#8211;  sigle e sonorizzazioni <\/strong><\/p>\n\n\n\n<p><strong>\u00a9<\/strong> <strong>Tutti i diritti sono riservati di propriet\u00e0 esclusiva dell&#8217;autore Francesco Oliviero. Tutto il materiale audio \u00e8 registrato presso la Societ\u00e0 Italiana degli Autori ed Editori (SIAE). Se ne vieta la duplicazione e la divulgazione per se e per conto terzi a meno che non autorizzati con liberatoria di cessione o divulgazione.<\/strong><br><\/p>\n\n\n<div id=\"audioigniter-1315\" class=\"audioigniter-root \" data-player-type=\"full\" data-tracks-url=\"https:\/\/www.olivierofrancesco.com\/?audioigniter_playlist_id=1315\" data-display-track-no=\"true\" data-reverse-track-order=\"false\" data-display-tracklist-covers=\"true\" data-display-active-cover=\"true\" data-display-artist-names=\"true\" data-display-buy-buttons=\"false\" data-buy-buttons-target=\"false\" data-cycle-tracks=\"false\" data-display-credits=\"false\" data-display-tracklist=\"true\" data-allow-tracklist-toggle=\"true\" data-allow-tracklist-loop=\"true\" data-limit-tracklist-height=\"true\" data-volume=\"100\" data-tracklist-height=\"250\" ><\/div>\n\n\n<div id=\"audioigniter-1369\" class=\"audioigniter-root \" data-player-type=\"full\" data-tracks-url=\"https:\/\/www.olivierofrancesco.com\/?audioigniter_playlist_id=1369\" data-display-track-no=\"true\" data-reverse-track-order=\"false\" data-display-tracklist-covers=\"true\" data-display-active-cover=\"true\" data-display-artist-names=\"true\" data-display-buy-buttons=\"true\" data-buy-buttons-target=\"true\" data-cycle-tracks=\"false\" data-display-credits=\"false\" data-display-tracklist=\"true\" data-allow-tracklist-toggle=\"true\" data-allow-tracklist-loop=\"true\" data-limit-tracklist-height=\"true\" data-volume=\"100\" data-tracklist-height=\"185\" ><\/div>\n<\/div>\n\n\n\n<p><\/p>\n","protected":false},"excerpt":{"rendered":"<p>In questa pagina sono pubblicate alcune produzioni &#8211; sigle e sonorizzazioni \u00a9 Tutti i diritti sono riservati di propriet\u00e0 esclusiva dell&#8217;autore Francesco Oliviero. Tutto il materiale audio \u00e8 registrato presso la Societ\u00e0 Italiana degli Autori ed Editori (SIAE). Se ne vieta la duplicazione e la divulgazione per se e per conto terzi a meno che &#8230; <a title=\"Sigle &#038; Sonorizzazioni\" class=\"read-more\" href=\"https:\/\/www.olivierofrancesco.com\/?page_id=248\" aria-label=\"Per saperne di pi\u00f9 su Sigle &#038; Sonorizzazioni\">Leggi tutto<\/a><\/p>\n","protected":false},"author":1,"featured_media":1293,"parent":0,"menu_order":0,"comment_status":"closed","ping_status":"closed","template":"","meta":{"footnotes":""},"class_list":["post-248","page","type-page","status-publish","has-post-thumbnail"],"yoast_head":"<!-- This site is optimized with the Yoast SEO plugin v26.4 - https:\/\/yoast.com\/wordpress\/plugins\/seo\/ -->\r\n<title>Sigle &amp; Sonorizzazioni del maestro Oliviero Francesco<\/title>\r\n<meta name=\"description\" content=\"Sigle &amp; Sonorizzazioni del maestro Oliviero Francesco, Film Music Composer - Production in Virtual Orchestra\" \/>\r\n<meta name=\"robots\" content=\"index, follow, max-snippet:-1, max-image-preview:large, max-video-preview:-1\" \/>\r\n<link rel=\"canonical\" href=\"https:\/\/www.olivierofrancesco.com\/?page_id=248\" \/>\r\n<meta property=\"og:locale\" content=\"it_IT\" \/>\r\n<meta property=\"og:type\" content=\"article\" \/>\r\n<meta property=\"og:title\" content=\"Sigle &amp; Sonorizzazioni del maestro Oliviero Francesco\" \/>\r\n<meta property=\"og:description\" content=\"Sigle &amp; Sonorizzazioni del maestro Oliviero Francesco, Film Music Composer - Production in Virtual Orchestra\" \/>\r\n<meta property=\"og:url\" content=\"https:\/\/www.olivierofrancesco.com\/?page_id=248\" \/>\r\n<meta property=\"og:site_name\" content=\"Oliviero Francesco\" \/>\r\n<meta property=\"article:publisher\" content=\"https:\/\/www.facebook.com\/francesco.oliviero.522\" \/>\r\n<meta property=\"article:modified_time\" content=\"2025-08-20T10:19:27+00:00\" \/>\r\n<meta property=\"og:image\" content=\"https:\/\/www.olivierofrancesco.com\/wp-content\/uploads\/2025\/05\/Francesco-Oliviero-Film-Music-Composer-Production-in-Virtual-Orchestra.jpg\" \/>\r\n\t<meta property=\"og:image:width\" content=\"1200\" \/>\r\n\t<meta property=\"og:image:height\" content=\"628\" \/>\r\n\t<meta property=\"og:image:type\" content=\"image\/jpeg\" \/>\r\n<meta name=\"twitter:card\" content=\"summary_large_image\" \/>\r\n<meta name=\"twitter:label1\" content=\"Tempo di lettura stimato\" \/>\n\t<meta name=\"twitter:data1\" content=\"1 minuto\" \/>\r\n<script type=\"application\/ld+json\" class=\"yoast-schema-graph\">{\"@context\":\"https:\/\/schema.org\",\"@graph\":[{\"@type\":\"Article\",\"@id\":\"https:\/\/www.olivierofrancesco.com\/?page_id=248#article\",\"isPartOf\":{\"@id\":\"https:\/\/www.olivierofrancesco.com\/?page_id=248\"},\"author\":{\"name\":\"olivierofr\",\"@id\":\"https:\/\/www.olivierofrancesco.com\/#\/schema\/person\/315963bd6f662dbd9ed4d4d2269098e5\"},\"headline\":\"Sigle &#038; Sonorizzazioni\",\"datePublished\":\"2024-04-24T12:12:54+00:00\",\"dateModified\":\"2025-08-20T10:19:27+00:00\",\"mainEntityOfPage\":{\"@id\":\"https:\/\/www.olivierofrancesco.com\/?page_id=248\"},\"wordCount\":69,\"publisher\":{\"@id\":\"https:\/\/www.olivierofrancesco.com\/#organization\"},\"image\":{\"@id\":\"https:\/\/www.olivierofrancesco.com\/?page_id=248#primaryimage\"},\"thumbnailUrl\":\"https:\/\/www.olivierofrancesco.com\/wp-content\/uploads\/2025\/05\/Francesco-Oliviero-Film-Music-Composer-Production-in-Virtual-Orchestra.jpg\",\"inLanguage\":\"it-IT\"},{\"@type\":\"WebPage\",\"@id\":\"https:\/\/www.olivierofrancesco.com\/?page_id=248\",\"url\":\"https:\/\/www.olivierofrancesco.com\/?page_id=248\",\"name\":\"Sigle & Sonorizzazioni del maestro Oliviero Francesco\",\"isPartOf\":{\"@id\":\"https:\/\/www.olivierofrancesco.com\/#website\"},\"primaryImageOfPage\":{\"@id\":\"https:\/\/www.olivierofrancesco.com\/?page_id=248#primaryimage\"},\"image\":{\"@id\":\"https:\/\/www.olivierofrancesco.com\/?page_id=248#primaryimage\"},\"thumbnailUrl\":\"https:\/\/www.olivierofrancesco.com\/wp-content\/uploads\/2025\/05\/Francesco-Oliviero-Film-Music-Composer-Production-in-Virtual-Orchestra.jpg\",\"datePublished\":\"2024-04-24T12:12:54+00:00\",\"dateModified\":\"2025-08-20T10:19:27+00:00\",\"description\":\"Sigle & Sonorizzazioni del maestro Oliviero Francesco, Film Music Composer - Production in Virtual Orchestra\",\"breadcrumb\":{\"@id\":\"https:\/\/www.olivierofrancesco.com\/?page_id=248#breadcrumb\"},\"inLanguage\":\"it-IT\",\"potentialAction\":[{\"@type\":\"ReadAction\",\"target\":[\"https:\/\/www.olivierofrancesco.com\/?page_id=248\"]}]},{\"@type\":\"ImageObject\",\"inLanguage\":\"it-IT\",\"@id\":\"https:\/\/www.olivierofrancesco.com\/?page_id=248#primaryimage\",\"url\":\"https:\/\/www.olivierofrancesco.com\/wp-content\/uploads\/2025\/05\/Francesco-Oliviero-Film-Music-Composer-Production-in-Virtual-Orchestra.jpg\",\"contentUrl\":\"https:\/\/www.olivierofrancesco.com\/wp-content\/uploads\/2025\/05\/Francesco-Oliviero-Film-Music-Composer-Production-in-Virtual-Orchestra.jpg\",\"width\":1200,\"height\":628},{\"@type\":\"BreadcrumbList\",\"@id\":\"https:\/\/www.olivierofrancesco.com\/?page_id=248#breadcrumb\",\"itemListElement\":[{\"@type\":\"ListItem\",\"position\":1,\"name\":\"Home\",\"item\":\"https:\/\/www.olivierofrancesco.com\/\"},{\"@type\":\"ListItem\",\"position\":2,\"name\":\"Sigle &#038; Sonorizzazioni\"}]},{\"@type\":\"WebSite\",\"@id\":\"https:\/\/www.olivierofrancesco.com\/#website\",\"url\":\"https:\/\/www.olivierofrancesco.com\/\",\"name\":\"Oliviero Francesco\",\"description\":\"Film Music Composer - Arrangement Production in Virtual Orchestra\",\"publisher\":{\"@id\":\"https:\/\/www.olivierofrancesco.com\/#organization\"},\"alternateName\":\"Francesco Oliviero\",\"potentialAction\":[{\"@type\":\"SearchAction\",\"target\":{\"@type\":\"EntryPoint\",\"urlTemplate\":\"https:\/\/www.olivierofrancesco.com\/?s={search_term_string}\"},\"query-input\":{\"@type\":\"PropertyValueSpecification\",\"valueRequired\":true,\"valueName\":\"search_term_string\"}}],\"inLanguage\":\"it-IT\"},{\"@type\":\"Organization\",\"@id\":\"https:\/\/www.olivierofrancesco.com\/#organization\",\"name\":\"Oliviero Francesco\",\"alternateName\":\"Francesco Oliviero\",\"url\":\"https:\/\/www.olivierofrancesco.com\/\",\"logo\":{\"@type\":\"ImageObject\",\"inLanguage\":\"it-IT\",\"@id\":\"https:\/\/www.olivierofrancesco.com\/#\/schema\/logo\/image\/\",\"url\":\"https:\/\/www.olivierofrancesco.com\/wp-content\/uploads\/2025\/05\/oliviero-francesco.png\",\"contentUrl\":\"https:\/\/www.olivierofrancesco.com\/wp-content\/uploads\/2025\/05\/oliviero-francesco.png\",\"width\":500,\"height\":375,\"caption\":\"Oliviero Francesco\"},\"image\":{\"@id\":\"https:\/\/www.olivierofrancesco.com\/#\/schema\/logo\/image\/\"},\"sameAs\":[\"https:\/\/www.facebook.com\/francesco.oliviero.522\",\"https:\/\/www.instagram.com\/oliviero_francesco\"]},{\"@type\":\"Person\",\"@id\":\"https:\/\/www.olivierofrancesco.com\/#\/schema\/person\/315963bd6f662dbd9ed4d4d2269098e5\",\"name\":\"olivierofr\",\"image\":{\"@type\":\"ImageObject\",\"inLanguage\":\"it-IT\",\"@id\":\"https:\/\/www.olivierofrancesco.com\/#\/schema\/person\/image\/\",\"url\":\"https:\/\/secure.gravatar.com\/avatar\/0a0af646af2ed301cb10a912a35ebea875491c96ef15cc74ffb422d8c44c66de?s=96&d=mm&r=g\",\"contentUrl\":\"https:\/\/secure.gravatar.com\/avatar\/0a0af646af2ed301cb10a912a35ebea875491c96ef15cc74ffb422d8c44c66de?s=96&d=mm&r=g\",\"caption\":\"olivierofr\"},\"description\":\"Francesco Oliviero - Film Music Composer - Pianista Compositore Arrangiatore\",\"sameAs\":[\"https:\/\/www.olivierofrancesco.com\"],\"url\":\"https:\/\/www.olivierofrancesco.com\/?author=1\"}]}<\/script>\r\n<!-- \/ Yoast SEO plugin. -->","yoast_head_json":{"title":"Sigle & Sonorizzazioni del maestro Oliviero Francesco","description":"Sigle & Sonorizzazioni del maestro Oliviero Francesco, Film Music Composer - Production in Virtual Orchestra","robots":{"index":"index","follow":"follow","max-snippet":"max-snippet:-1","max-image-preview":"max-image-preview:large","max-video-preview":"max-video-preview:-1"},"canonical":"https:\/\/www.olivierofrancesco.com\/?page_id=248","og_locale":"it_IT","og_type":"article","og_title":"Sigle & Sonorizzazioni del maestro Oliviero Francesco","og_description":"Sigle & Sonorizzazioni del maestro Oliviero Francesco, Film Music Composer - Production in Virtual Orchestra","og_url":"https:\/\/www.olivierofrancesco.com\/?page_id=248","og_site_name":"Oliviero Francesco","article_publisher":"https:\/\/www.facebook.com\/francesco.oliviero.522","article_modified_time":"2025-08-20T10:19:27+00:00","og_image":[{"width":1200,"height":628,"url":"https:\/\/www.olivierofrancesco.com\/wp-content\/uploads\/2025\/05\/Francesco-Oliviero-Film-Music-Composer-Production-in-Virtual-Orchestra.jpg","type":"image\/jpeg"}],"twitter_card":"summary_large_image","twitter_misc":{"Tempo di lettura stimato":"1 minuto"},"schema":{"@context":"https:\/\/schema.org","@graph":[{"@type":"Article","@id":"https:\/\/www.olivierofrancesco.com\/?page_id=248#article","isPartOf":{"@id":"https:\/\/www.olivierofrancesco.com\/?page_id=248"},"author":{"name":"olivierofr","@id":"https:\/\/www.olivierofrancesco.com\/#\/schema\/person\/315963bd6f662dbd9ed4d4d2269098e5"},"headline":"Sigle &#038; Sonorizzazioni","datePublished":"2024-04-24T12:12:54+00:00","dateModified":"2025-08-20T10:19:27+00:00","mainEntityOfPage":{"@id":"https:\/\/www.olivierofrancesco.com\/?page_id=248"},"wordCount":69,"publisher":{"@id":"https:\/\/www.olivierofrancesco.com\/#organization"},"image":{"@id":"https:\/\/www.olivierofrancesco.com\/?page_id=248#primaryimage"},"thumbnailUrl":"https:\/\/www.olivierofrancesco.com\/wp-content\/uploads\/2025\/05\/Francesco-Oliviero-Film-Music-Composer-Production-in-Virtual-Orchestra.jpg","inLanguage":"it-IT"},{"@type":"WebPage","@id":"https:\/\/www.olivierofrancesco.com\/?page_id=248","url":"https:\/\/www.olivierofrancesco.com\/?page_id=248","name":"Sigle & Sonorizzazioni del maestro Oliviero Francesco","isPartOf":{"@id":"https:\/\/www.olivierofrancesco.com\/#website"},"primaryImageOfPage":{"@id":"https:\/\/www.olivierofrancesco.com\/?page_id=248#primaryimage"},"image":{"@id":"https:\/\/www.olivierofrancesco.com\/?page_id=248#primaryimage"},"thumbnailUrl":"https:\/\/www.olivierofrancesco.com\/wp-content\/uploads\/2025\/05\/Francesco-Oliviero-Film-Music-Composer-Production-in-Virtual-Orchestra.jpg","datePublished":"2024-04-24T12:12:54+00:00","dateModified":"2025-08-20T10:19:27+00:00","description":"Sigle & Sonorizzazioni del maestro Oliviero Francesco, Film Music Composer - Production in Virtual Orchestra","breadcrumb":{"@id":"https:\/\/www.olivierofrancesco.com\/?page_id=248#breadcrumb"},"inLanguage":"it-IT","potentialAction":[{"@type":"ReadAction","target":["https:\/\/www.olivierofrancesco.com\/?page_id=248"]}]},{"@type":"ImageObject","inLanguage":"it-IT","@id":"https:\/\/www.olivierofrancesco.com\/?page_id=248#primaryimage","url":"https:\/\/www.olivierofrancesco.com\/wp-content\/uploads\/2025\/05\/Francesco-Oliviero-Film-Music-Composer-Production-in-Virtual-Orchestra.jpg","contentUrl":"https:\/\/www.olivierofrancesco.com\/wp-content\/uploads\/2025\/05\/Francesco-Oliviero-Film-Music-Composer-Production-in-Virtual-Orchestra.jpg","width":1200,"height":628},{"@type":"BreadcrumbList","@id":"https:\/\/www.olivierofrancesco.com\/?page_id=248#breadcrumb","itemListElement":[{"@type":"ListItem","position":1,"name":"Home","item":"https:\/\/www.olivierofrancesco.com\/"},{"@type":"ListItem","position":2,"name":"Sigle &#038; Sonorizzazioni"}]},{"@type":"WebSite","@id":"https:\/\/www.olivierofrancesco.com\/#website","url":"https:\/\/www.olivierofrancesco.com\/","name":"Oliviero Francesco","description":"Film Music Composer - Arrangement Production in Virtual Orchestra","publisher":{"@id":"https:\/\/www.olivierofrancesco.com\/#organization"},"alternateName":"Francesco Oliviero","potentialAction":[{"@type":"SearchAction","target":{"@type":"EntryPoint","urlTemplate":"https:\/\/www.olivierofrancesco.com\/?s={search_term_string}"},"query-input":{"@type":"PropertyValueSpecification","valueRequired":true,"valueName":"search_term_string"}}],"inLanguage":"it-IT"},{"@type":"Organization","@id":"https:\/\/www.olivierofrancesco.com\/#organization","name":"Oliviero Francesco","alternateName":"Francesco Oliviero","url":"https:\/\/www.olivierofrancesco.com\/","logo":{"@type":"ImageObject","inLanguage":"it-IT","@id":"https:\/\/www.olivierofrancesco.com\/#\/schema\/logo\/image\/","url":"https:\/\/www.olivierofrancesco.com\/wp-content\/uploads\/2025\/05\/oliviero-francesco.png","contentUrl":"https:\/\/www.olivierofrancesco.com\/wp-content\/uploads\/2025\/05\/oliviero-francesco.png","width":500,"height":375,"caption":"Oliviero Francesco"},"image":{"@id":"https:\/\/www.olivierofrancesco.com\/#\/schema\/logo\/image\/"},"sameAs":["https:\/\/www.facebook.com\/francesco.oliviero.522","https:\/\/www.instagram.com\/oliviero_francesco"]},{"@type":"Person","@id":"https:\/\/www.olivierofrancesco.com\/#\/schema\/person\/315963bd6f662dbd9ed4d4d2269098e5","name":"olivierofr","image":{"@type":"ImageObject","inLanguage":"it-IT","@id":"https:\/\/www.olivierofrancesco.com\/#\/schema\/person\/image\/","url":"https:\/\/secure.gravatar.com\/avatar\/0a0af646af2ed301cb10a912a35ebea875491c96ef15cc74ffb422d8c44c66de?s=96&d=mm&r=g","contentUrl":"https:\/\/secure.gravatar.com\/avatar\/0a0af646af2ed301cb10a912a35ebea875491c96ef15cc74ffb422d8c44c66de?s=96&d=mm&r=g","caption":"olivierofr"},"description":"Francesco Oliviero - Film Music Composer - Pianista Compositore Arrangiatore","sameAs":["https:\/\/www.olivierofrancesco.com"],"url":"https:\/\/www.olivierofrancesco.com\/?author=1"}]}},"_links":{"self":[{"href":"https:\/\/www.olivierofrancesco.com\/index.php?rest_route=\/wp\/v2\/pages\/248","targetHints":{"allow":["GET"]}}],"collection":[{"href":"https:\/\/www.olivierofrancesco.com\/index.php?rest_route=\/wp\/v2\/pages"}],"about":[{"href":"https:\/\/www.olivierofrancesco.com\/index.php?rest_route=\/wp\/v2\/types\/page"}],"author":[{"embeddable":true,"href":"https:\/\/www.olivierofrancesco.com\/index.php?rest_route=\/wp\/v2\/users\/1"}],"replies":[{"embeddable":true,"href":"https:\/\/www.olivierofrancesco.com\/index.php?rest_route=%2Fwp%2Fv2%2Fcomments&post=248"}],"version-history":[{"count":30,"href":"https:\/\/www.olivierofrancesco.com\/index.php?rest_route=\/wp\/v2\/pages\/248\/revisions"}],"predecessor-version":[{"id":1440,"href":"https:\/\/www.olivierofrancesco.com\/index.php?rest_route=\/wp\/v2\/pages\/248\/revisions\/1440"}],"wp:featuredmedia":[{"embeddable":true,"href":"https:\/\/www.olivierofrancesco.com\/index.php?rest_route=\/wp\/v2\/media\/1293"}],"wp:attachment":[{"href":"https:\/\/www.olivierofrancesco.com\/index.php?rest_route=%2Fwp%2Fv2%2Fmedia&parent=248"}],"curies":[{"name":"wp","href":"https:\/\/api.w.org\/{rel}","templated":true}]}}